{"id":36,"date":"2025-06-25T05:21:52","date_gmt":"2025-06-25T05:21:52","guid":{"rendered":"https:\/\/betterfunding.org\/?page_id=36"},"modified":"2026-04-15T22:14:07","modified_gmt":"2026-04-15T22:14:07","slug":"practices","status":"publish","type":"page","link":"https:\/\/betterfunding.org\/es\/practices\/","title":{"rendered":"Pr\u00e1cticas"},"content":{"rendered":"<div data-elementor-type=\"wp-page\" data-elementor-id=\"36\" class=\"elementor elementor-36\" data-elementor-post-type=\"page\">\n\t\t\t\t\t\t<section class=\"has_eae_slider elementor-section elementor-top-section elementor-element elementor-element-70dd32e elementor-section-height-min-height elementor-section-boxed elementor-section-height-default elementor-section-items-middle\" data-eae-slider=\"74718\" data-id=\"70dd32e\" data-element_type=\"section\" data-e-type=\"section\" data-settings=\"{&quot;background_background&quot;:&quot;gradient&quot;}\">\n\t\t\t\t\t\t\t<div class=\"elementor-background-overlay\"><\/div>\n\t\t\t\t\t\t\t<div class=\"elementor-container elementor-column-gap-no\">\n\t\t\t\t\t<div class=\"has_eae_slider elementor-column elementor-col-100 elementor-top-column elementor-element elementor-element-36f3341\" data-eae-slider=\"84849\" data-id=\"36f3341\" data-element_type=\"column\" data-e-type=\"column\">\n\t\t\t<div class=\"elementor-widget-wrap elementor-element-populated\">\n\t\t\t\t\t\t<div class=\"elementor-element elementor-element-5c3a163 elementor-widget elementor-widget-heading\" data-id=\"5c3a163\" data-element_type=\"widget\" data-e-type=\"widget\" data-widget_type=\"heading.default\">\n\t\t\t\t<div class=\"elementor-widget-container\">\n\t\t\t\t\t<h2 class=\"elementor-heading-title elementor-size-default\">PR\u00c1CTICAS DE BETTER FUNDING<\/h2>\t\t\t\t<\/div>\n\t\t\t\t<\/div>\n\t\t\t\t\t<\/div>\n\t\t<\/div>\n\t\t\t\t\t<\/div>\n\t\t<\/section>\n\t\t\t\t<section class=\"has_eae_slider elementor-section elementor-top-section elementor-element elementor-element-35436ee elementor-section-boxed elementor-section-height-default elementor-section-height-default\" data-eae-slider=\"75011\" data-id=\"35436ee\" data-element_type=\"section\" data-e-type=\"section\" data-settings=\"{&quot;background_background&quot;:&quot;classic&quot;}\">\n\t\t\t\t\t\t<div class=\"elementor-container elementor-column-gap-wider\">\n\t\t\t\t\t<div class=\"has_eae_slider elementor-column elementor-col-100 elementor-top-column elementor-element elementor-element-b52b5f7\" data-eae-slider=\"23956\" data-id=\"b52b5f7\" data-element_type=\"column\" data-e-type=\"column\">\n\t\t\t<div class=\"elementor-widget-wrap elementor-element-populated\">\n\t\t\t\t\t\t<section class=\"has_eae_slider elementor-section elementor-inner-section elementor-element elementor-element-f86052f elementor-section-full_width elementor-reverse-mobile elementor-section-height-default elementor-section-height-default\" data-eae-slider=\"12014\" data-id=\"f86052f\" data-element_type=\"section\" data-e-type=\"section\">\n\t\t\t\t\t\t<div class=\"elementor-container elementor-column-gap-no\">\n\t\t\t\t\t<div class=\"has_eae_slider elementor-column elementor-col-50 elementor-inner-column elementor-element elementor-element-0464ba9\" data-eae-slider=\"97684\" data-id=\"0464ba9\" data-element_type=\"column\" data-e-type=\"column\">\n\t\t\t<div class=\"elementor-widget-wrap elementor-element-populated\">\n\t\t\t\t\t\t<div class=\"elementor-element elementor-element-3ccdeb8 elementor-widget elementor-widget-text-editor\" data-id=\"3ccdeb8\" data-element_type=\"widget\" data-e-type=\"widget\" data-widget_type=\"text-editor.default\">\n\t\t\t\t<div class=\"elementor-widget-container\">\n\t\t\t\t\t\t\t\t\t<p>Herramientas \u2014 pero no de las r\u00edgidas.<\/p>\t\t\t\t\t\t\t\t<\/div>\n\t\t\t\t<\/div>\n\t\t\t\t<div class=\"elementor-element elementor-element-1a2c8e4 elementor-widget elementor-widget-text-editor\" data-id=\"1a2c8e4\" data-element_type=\"widget\" data-e-type=\"widget\" data-widget_type=\"text-editor.default\">\n\t\t\t\t<div class=\"elementor-widget-container\">\n\t\t\t\t\t\t\t\t\t<p>Estas son gu\u00edas, pr\u00e1cticas y marcos que hemos desarrollado y adaptado a lo largo de los a\u00f1os \u2014 herramientas construidas con prueba y error, di\u00e1logo y cuidado.<\/p>\t\t\t\t\t\t\t\t<\/div>\n\t\t\t\t<\/div>\n\t\t\t\t<div class=\"elementor-element elementor-element-b82bb53 elementor-widget elementor-widget-text-editor\" data-id=\"b82bb53\" data-element_type=\"widget\" data-e-type=\"widget\" data-widget_type=\"text-editor.default\">\n\t\t\t\t<div class=\"elementor-widget-container\">\n\t\t\t\t\t\t\t\t\t<p>Est\u00e1n aqu\u00ed para acompa\u00f1ar a financiadores, l\u00edderes comunitarios y a cualquier persona que est\u00e9 reimaginando c\u00f3mo brindamos y recibimos apoyo.<\/p>\t\t\t\t\t\t\t\t<\/div>\n\t\t\t\t<\/div>\n\t\t\t\t<div class=\"elementor-element elementor-element-3e41893 elementor-widget elementor-widget-text-editor\" data-id=\"3e41893\" data-element_type=\"widget\" data-e-type=\"widget\" data-widget_type=\"text-editor.default\">\n\t\t\t\t<div class=\"elementor-widget-container\">\n\t\t\t\t\t\t\t\t\t<p>Ya sea que quieras repensar tu proceso de aplicaci\u00f3n, dise\u00f1ar una salida \u00e9tica o incorporar m\u00e1s transparencia y confianza \u2014 aqu\u00ed reunimos lo que ha funcionado.<\/p>\t\t\t\t\t\t\t\t<\/div>\n\t\t\t\t<\/div>\n\t\t\t\t<div class=\"elementor-element elementor-element-0d86a11 elementor-widget elementor-widget-text-editor\" data-id=\"0d86a11\" data-element_type=\"widget\" data-e-type=\"widget\" data-widget_type=\"text-editor.default\">\n\t\t\t\t<div class=\"elementor-widget-container\">\n\t\t\t\t\t\t\t\t\t<p>Estas herramientas est\u00e1n hechas para usarse, adaptarse y compartirse. No son perfectas, pero est\u00e1n vivas \u2014 y ahora son tuyas.<\/p>\t\t\t\t\t\t\t\t<\/div>\n\t\t\t\t<\/div>\n\t\t\t\t\t<\/div>\n\t\t<\/div>\n\t\t\t\t<div class=\"has_eae_slider elementor-column elementor-col-50 elementor-inner-column elementor-element elementor-element-922bab4\" data-eae-slider=\"91628\" data-id=\"922bab4\" data-element_type=\"column\" data-e-type=\"column\">\n\t\t\t<div class=\"elementor-widget-wrap elementor-element-populated\">\n\t\t\t\t\t\t<div class=\"elementor-element elementor-element-6f9f9de elementor-widget elementor-widget-image\" data-id=\"6f9f9de\" data-element_type=\"widget\" data-e-type=\"widget\" data-widget_type=\"image.default\">\n\t\t\t\t<div class=\"elementor-widget-container\">\n\t\t\t\t\t\t\t\t\t\t\t\t\t\t\t<img fetchpriority=\"high\" decoding=\"async\" width=\"2560\" height=\"2474\" src=\"https:\/\/betterfunding.org\/wp-content\/uploads\/2025\/06\/373-scaled.png\" class=\"attachment-full size-full wp-image-693\" alt=\"\" srcset=\"https:\/\/betterfunding.org\/wp-content\/uploads\/2025\/06\/373-scaled.png 2560w, https:\/\/betterfunding.org\/wp-content\/uploads\/2025\/06\/373-scaled-600x580.png 600w, https:\/\/betterfunding.org\/wp-content\/uploads\/2025\/06\/373-300x290.png 300w, https:\/\/betterfunding.org\/wp-content\/uploads\/2025\/06\/373-1024x990.png 1024w, https:\/\/betterfunding.org\/wp-content\/uploads\/2025\/06\/373-768x742.png 768w, https:\/\/betterfunding.org\/wp-content\/uploads\/2025\/06\/373-1536x1485.png 1536w, https:\/\/betterfunding.org\/wp-content\/uploads\/2025\/06\/373-2048x1979.png 2048w\" sizes=\"(max-width: 2560px) 100vw, 2560px\" \/>\t\t\t\t\t\t\t\t\t\t\t\t\t\t\t<\/div>\n\t\t\t\t<\/div>\n\t\t\t\t\t<\/div>\n\t\t<\/div>\n\t\t\t\t\t<\/div>\n\t\t<\/section>\n\t\t\t\t\t<\/div>\n\t\t<\/div>\n\t\t\t\t\t<\/div>\n\t\t<\/section>\n\t\t\t\t<section class=\"has_eae_slider elementor-section elementor-top-section elementor-element elementor-element-d313eae elementor-section-boxed elementor-section-height-default elementor-section-height-default\" data-eae-slider=\"51320\" data-id=\"d313eae\" data-element_type=\"section\" data-e-type=\"section\">\n\t\t\t\t\t\t<div class=\"elementor-container elementor-column-gap-default\">\n\t\t\t\t\t<div class=\"has_eae_slider elementor-column elementor-col-100 elementor-top-column elementor-element elementor-element-e2a0cb7\" data-eae-slider=\"63331\" data-id=\"e2a0cb7\" data-element_type=\"column\" data-e-type=\"column\">\n\t\t\t<div class=\"elementor-widget-wrap elementor-element-populated\">\n\t\t\t\t\t\t<div class=\"elementor-element elementor-element-d44cf77 elementor-widget elementor-widget-search\" data-id=\"d44cf77\" data-element_type=\"widget\" data-e-type=\"widget\" data-settings=\"{&quot;submit_trigger&quot;:&quot;both&quot;,&quot;pagination_type_options&quot;:&quot;none&quot;}\" data-widget_type=\"search.default\">\n\t\t\t\t<div class=\"elementor-widget-container\">\n\t\t\t\t\t\t\t<search class=\"e-search hidden\" role=\"search\">\n\t\t\t<form class=\"e-search-form\" action=\"https:\/\/betterfunding.org\/es\/\" method=\"get\" data-trp-original-action=\"https:\/\/betterfunding.org\/es\">\n\n\t\t\t\t\n\t\t\t\t<label class=\"e-search-label\" for=\"search-d44cf77\">\n\t\t\t\t\t<span class=\"elementor-screen-only\">\n\t\t\t\t\t\tBuscar\t\t\t\t\t<\/span>\n\t\t\t\t\t\t\t\t\t<\/label>\n\n\t\t\t\t<div class=\"e-search-input-wrapper\">\n\t\t\t\t\t<input id=\"search-d44cf77\" placeholder=\"SEARCH PRACTICES BY TOPIC...\" class=\"e-search-input\" type=\"search\" name=\"s\" value=\"\" autocomplete=\"off\" role=\"combobox\" aria-autocomplete=\"list\" aria-expanded=\"false\" aria-controls=\"results-d44cf77\" aria-haspopup=\"listbox\">\n\t\t\t\t\t<svg aria-hidden=\"true\" class=\"e-font-icon-svg e-fas-times\" viewbox=\"0 0 352 512\" xmlns=\"http:\/\/www.w3.org\/2000\/svg\"><path d=\"M242.72 256l100.07-100.07c12.28-12.28 12.28-32.19 0-44.48l-22.24-22.24c-12.28-12.28-32.19-12.28-44.48 0L176 189.28 75.93 89.21c-12.28-12.28-32.19-12.28-44.48 0L9.21 111.45c-12.28 12.28-12.28 32.19 0 44.48L109.28 256 9.21 356.07c-12.28 12.28-12.28 32.19 0 44.48l22.24 22.24c12.28 12.28 32.2 12.28 44.48 0L176 322.72l100.07 100.07c12.28 12.28 32.2 12.28 44.48 0l22.24-22.24c12.28-12.28 12.28-32.19 0-44.48L242.72 256z\"><\/path><\/svg>\t\t\t\t\t\t\t\t\t\t<output id=\"results-d44cf77\" class=\"e-search-results-container hide-loader\" aria-live=\"polite\" aria-atomic=\"true\" aria-label=\"Resultados de b\u00fasqueda\" tabindex=\"0\">\n\t\t\t\t\t\t<div class=\"e-search-results\"><\/div>\n\t\t\t\t\t\t\t\t\t\t\t<\/output>\n\t\t\t\t\t\t\t\t\t<\/div>\n\t\t\t\t\n\t\t\t\t\n\t\t\t\t<button class=\"e-search-submit\" type=\"submit\" aria-label=\"Buscar\">\n\t\t\t\t\t<i aria-hidden=\"true\" class=\"icon icon-search2\"><\/i>\n\t\t\t\t\t\t\t\t\t<\/button>\n\t\t\t\t<input type=\"hidden\" name=\"e_search_props\" value=\"d44cf77-36\">\n\t\t\t<input type=\"hidden\" name=\"trp-form-language\" value=\"es\"\/><\/form>\n\t\t<\/search>\n\t\t\t\t\t\t<\/div>\n\t\t\t\t<\/div>\n\t\t\t\t<div class=\"elementor-element elementor-element-79a8d80 elementor-icon-list--layout-inline elementor-list-item-link-full_width elementor-widget elementor-widget-icon-list\" data-id=\"79a8d80\" data-element_type=\"widget\" data-e-type=\"widget\" data-widget_type=\"icon-list.default\">\n\t\t\t\t<div class=\"elementor-widget-container\">\n\t\t\t\t\t\t\t<ul class=\"elementor-icon-list-items elementor-inline-items\">\n\t\t\t\t\t\t\t<li class=\"elementor-icon-list-item elementor-inline-item\">\n\t\t\t\t\t\t\t\t\t\t<span class=\"elementor-icon-list-text\"><\/span>\n\t\t\t\t\t\t\t\t\t<\/li>\n\t\t\t\t\t\t\t\t<li class=\"elementor-icon-list-item elementor-inline-item\">\n\t\t\t\t\t\t\t\t\t\t<span class=\"elementor-icon-list-text\">Pr\u00e1cticas<\/span>\n\t\t\t\t\t\t\t\t\t<\/li>\n\t\t\t\t\t\t<\/ul>\n\t\t\t\t\t\t<\/div>\n\t\t\t\t<\/div>\n\t\t\t\t<div class=\"elementor-element elementor-element-2f42897 elementor-widget elementor-widget-ucaddon_uc_card_post_carousel\" data-id=\"2f42897\" data-element_type=\"widget\" data-e-type=\"widget\" data-widget_type=\"ucaddon_uc_card_post_carousel.default\">\n\t\t\t\t<div class=\"elementor-widget-container\">\n\t\t\t\t\t<!-- start Post Carousel Lite -->\n\t\t<link id='font-awesome-css' href='https:\/\/betterfunding.org\/wp-content\/plugins\/unlimited-elements-for-elementor-premium_2\/assets_libraries\/font-awesome5\/css\/fontawesome-all.min.css' type='text\/css' rel='stylesheet' >\n\t\t<link id='font-awesome-4-shim-css' href='https:\/\/betterfunding.org\/wp-content\/plugins\/unlimited-elements-for-elementor-premium_2\/assets_libraries\/font-awesome5\/css\/fontawesome-v4-shims.css' type='text\/css' rel='stylesheet' >\n\t\t<link id='owl-carousel-css' href='https:\/\/betterfunding.org\/wp-content\/plugins\/unlimited-elements-for-elementor-premium_2\/assets_libraries\/owl-carousel-new\/assets\/owl.carousel.css' type='text\/css' rel='stylesheet' >\n\n\t\t\t<style type=\"text\/css\">\/* widget: Post Carousel Lite *\/\n\n#uc_uc_card_post_carousel_elementor_2f42897 *{\n  box-sizing:border-box;\n}\n#uc_uc_card_post_carousel_elementor_2f42897{\n  position:relative;\n  min-height:1px;\n}\n#uc_uc_card_post_carousel_elementor_2f42897 .uc_image_carousel_content{\n\ttext-align:center;\n    display: flex;\n     flex-flow: column nowrap;\n}\n#uc_uc_card_post_carousel_elementor_2f42897 .ue_post_carousel_item\n{\n  overflow:hidden;\n  \n}\n#uc_uc_card_post_carousel_elementor_2f42897 .uc_image_carousel_bg {\n  background-repeat: no-repeat;\n}\n#uc_uc_card_post_carousel_elementor_2f42897 .uc_image_carousel_placeholder a{\n  width:100%;\n}\n#uc_uc_card_post_carousel_elementor_2f42897 .uc_image_carousel_bg{\n  width:100%;\n}\n#uc_uc_card_post_carousel_elementor_2f42897 .uc_image_carousel_placeholder{\n  overflow:hidden;\n}\n\n#uc_uc_card_post_carousel_elementor_2f42897 .ue_post_btn_holder\n{\n  margin-top:auto;\n}\n\n#uc_uc_card_post_carousel_elementor_2f42897 .uc_more_btn{\n\n  display:inline-block;\n  text-align:center;\n  text-decoration:none;\n} \n\n.uc_overlay_image_carousel .uc_more_btn{\n  text-decoration:none;\n  display:inline-block;\n}\n\n.uc_overlay_image_carousel .uc_post_title{\n  font-size:21px;\n  text-decoration:none;\n}\n\n#uc_uc_card_post_carousel_elementor_2f42897 .owl-nav .owl-prev{\n    position:absolute;\n    display:inline-block;\n    text-align:center;\n}\n#uc_uc_card_post_carousel_elementor_2f42897 .owl-nav .owl-next{\n  position:absolute;\n  display:inline-block;\n  text-align:center;\n}\n\n\n#uc_uc_card_post_carousel_elementor_2f42897 .owl-dots {\noverflow:hidden;\ndisplay:true !important;\ntext-align:center;\n}\n\n#uc_uc_card_post_carousel_elementor_2f42897 .owl-dot {\nborder-radius:50%;\ndisplay:inline-block;\n}\n\t#uc_uc_card_post_carousel_elementor_2f42897 .owl-stage\n        {\n            transition-timing-function: linear!important;\n        }\n\n#uc_uc_card_post_carousel_elementor_2f42897 .ue-item a.ue-link-all-item\n{\n  position:absolute;\n  top:0;\n  right:0;\n  bottom:0;\n  left:0;\n  display:block;\n}\n\n\n<\/style>\n\n\t\t\t<div class=\"uc_overlay_image_carousel\" id=\"uc_uc_card_post_carousel_elementor_2f42897\" data-custom-sethtml=\"true\" >\n   <div class=\"uc_carousel owl-carousel owl-theme uc-items-wrapper\">\n   \t\t<div id=\"uc_uc_card_post_carousel_elementor_2f42897_item1\" class=\"uc_image_carousel_container_holder ue_post_carousel_item ue-Practices\">\n  <div class=\"uc_image_carousel_placeholder\">\n    <a href=\"https:\/\/betterfunding.org\/es\/better-funding-practices-building-trust-with-partners\/\"><div class=\"uc_image_carousel_bg\" style=\"background-image:url(https:\/\/betterfunding.org\/wp-content\/uploads\/2026\/03\/Building-Trust-768x768.png); background-position:center;\"><\/div><\/a>\n  <\/div>\n\n  <div class=\"uc_image_carousel_content\" >\n    <div class=\"ue_post_category\"><a href=\"https:\/\/betterfunding.org\/es\/category\/practices\/\">Pr\u00e1cticas<\/a><\/div>    <div class=\"ue_post_date\">27 marzo 2026<\/div>        <a href=\"https:\/\/betterfunding.org\/es\/better-funding-practices-building-trust-with-partners\/\" style=\"text-decoration:none;\"><div class=\"uc_post_title\" style=\"text-decoration:none;\">Better Funding Practices | Building Trust with Partners<\/div><\/a>    <div class=\"ue_post_intro\">This practical tool explores how funders can build stronger, more equitable relationships with their...<\/div>    \n    <div class=\"ue_post_btn_holder\"><a class=\"uc_more_btn ue-dynamic-popup-single\" href='https:\/\/betterfunding.org\/es\/better-funding-practices-building-trust-with-partners\/' target=\"_self\">Leer m\u00e1s<\/a><\/div>    \n  <\/div>\n  \n    <a class=\"ue-link-all-item\" href=\"https:\/\/betterfunding.org\/es\/better-funding-practices-building-trust-with-partners\/\" target=\"\"><\/a>\n    \n<\/div>\n<div id=\"uc_uc_card_post_carousel_elementor_2f42897_item2\" class=\"uc_image_carousel_container_holder ue_post_carousel_item ue-Practices\">\n  <div class=\"uc_image_carousel_placeholder\">\n    <a href=\"https:\/\/betterfunding.org\/es\/better-funding-practices-providing-emergency-grants-to-partners\/\"><div class=\"uc_image_carousel_bg\" style=\"background-image:url(https:\/\/betterfunding.org\/wp-content\/uploads\/2025\/11\/Emergency-Grants-768x768.png); background-position:center;\"><\/div><\/a>\n  <\/div>\n\n  <div class=\"uc_image_carousel_content\" >\n    <div class=\"ue_post_category\"><a href=\"https:\/\/betterfunding.org\/es\/category\/practices\/\">Pr\u00e1cticas<\/a><\/div>    <div class=\"ue_post_date\">14 noviembre 2025<\/div>        <a href=\"https:\/\/betterfunding.org\/es\/better-funding-practices-providing-emergency-grants-to-partners\/\" style=\"text-decoration:none;\"><div class=\"uc_post_title\" style=\"text-decoration:none;\">Better Funding Practices | Providing Emergency Grants to Partners<\/div><\/a>    <div class=\"ue_post_intro\">When communities face climate-related disasters or urgent crises, local organizations are often the first...<\/div>    \n    <div class=\"ue_post_btn_holder\"><a class=\"uc_more_btn ue-dynamic-popup-single\" href='https:\/\/betterfunding.org\/es\/better-funding-practices-providing-emergency-grants-to-partners\/' target=\"_self\">Leer m\u00e1s<\/a><\/div>    \n  <\/div>\n  \n    <a class=\"ue-link-all-item\" href=\"https:\/\/betterfunding.org\/es\/better-funding-practices-providing-emergency-grants-to-partners\/\" target=\"\"><\/a>\n    \n<\/div>\n<div id=\"uc_uc_card_post_carousel_elementor_2f42897_item3\" class=\"uc_image_carousel_container_holder ue_post_carousel_item ue-Practices\">\n  <div class=\"uc_image_carousel_placeholder\">\n    <a href=\"https:\/\/betterfunding.org\/es\/better-funding-practices-the-power-of-flexible-capacity-building-grants\/\"><div class=\"uc_image_carousel_bg\" style=\"background-image:url(https:\/\/betterfunding.org\/wp-content\/uploads\/2025\/11\/Capacity-Building-Grants-768x768.png); background-position:center;\"><\/div><\/a>\n  <\/div>\n\n  <div class=\"uc_image_carousel_content\" >\n    <div class=\"ue_post_category\"><a href=\"https:\/\/betterfunding.org\/es\/category\/practices\/\">Pr\u00e1cticas<\/a><\/div>    <div class=\"ue_post_date\">14 noviembre 2025<\/div>        <a href=\"https:\/\/betterfunding.org\/es\/better-funding-practices-the-power-of-flexible-capacity-building-grants\/\" style=\"text-decoration:none;\"><div class=\"uc_post_title\" style=\"text-decoration:none;\">Better Funding Practices | The Power of Flexible Capacity Building Grants<\/div><\/a>    <div class=\"ue_post_intro\">In many contexts, organizations are forced to prioritize immediate needs over long-term resilience, but...<\/div>    \n    <div class=\"ue_post_btn_holder\"><a class=\"uc_more_btn ue-dynamic-popup-single\" href='https:\/\/betterfunding.org\/es\/better-funding-practices-the-power-of-flexible-capacity-building-grants\/' target=\"_self\">Leer m\u00e1s<\/a><\/div>    \n  <\/div>\n  \n    <a class=\"ue-link-all-item\" href=\"https:\/\/betterfunding.org\/es\/better-funding-practices-the-power-of-flexible-capacity-building-grants\/\" target=\"\"><\/a>\n    \n<\/div>\n<div id=\"uc_uc_card_post_carousel_elementor_2f42897_item4\" class=\"uc_image_carousel_container_holder ue_post_carousel_item ue-Practices\">\n  <div class=\"uc_image_carousel_placeholder\">\n    <a href=\"https:\/\/betterfunding.org\/es\/better-funding-practices-the-role-of-funders-as-sounding-boards\/\"><div class=\"uc_image_carousel_bg\" style=\"background-image:url(https:\/\/betterfunding.org\/wp-content\/uploads\/2025\/11\/Sounding-Board-768x768.png); background-position:center;\"><\/div><\/a>\n  <\/div>\n\n  <div class=\"uc_image_carousel_content\" >\n    <div class=\"ue_post_category\"><a href=\"https:\/\/betterfunding.org\/es\/category\/practices\/\">Pr\u00e1cticas<\/a><\/div>    <div class=\"ue_post_date\">13 noviembre 2025<\/div>        <a href=\"https:\/\/betterfunding.org\/es\/better-funding-practices-the-role-of-funders-as-sounding-boards\/\" style=\"text-decoration:none;\"><div class=\"uc_post_title\" style=\"text-decoration:none;\">Better Funding Practices | The Role of Funders as Sounding Boards<\/div><\/a>    <div class=\"ue_post_intro\">Leading a community-based organization can feel isolating, especially when tough decisions need to be...<\/div>    \n    <div class=\"ue_post_btn_holder\"><a class=\"uc_more_btn ue-dynamic-popup-single\" href='https:\/\/betterfunding.org\/es\/better-funding-practices-the-role-of-funders-as-sounding-boards\/' target=\"_self\">Leer m\u00e1s<\/a><\/div>    \n  <\/div>\n  \n    <a class=\"ue-link-all-item\" href=\"https:\/\/betterfunding.org\/es\/better-funding-practices-the-role-of-funders-as-sounding-boards\/\" target=\"\"><\/a>\n    \n<\/div>\n\n   <\/div>\t\n<\/div>\n\n\t\t\t<!-- end Post Carousel Lite -->\t\t\t\t<\/div>\n\t\t\t\t<\/div>\n\t\t\t\t\t<\/div>\n\t\t<\/div>\n\t\t\t\t\t<\/div>\n\t\t<\/section>\n\t\t\t\t<section class=\"has_eae_slider elementor-section elementor-top-section elementor-element elementor-element-efaac4a elementor-section-boxed elementor-section-height-default elementor-section-height-default\" data-eae-slider=\"31397\" data-id=\"efaac4a\" data-element_type=\"section\" data-e-type=\"section\">\n\t\t\t\t\t\t<div class=\"elementor-container elementor-column-gap-default\">\n\t\t\t\t\t<div class=\"has_eae_slider elementor-column elementor-col-100 elementor-top-column elementor-element elementor-element-a5beb61\" data-eae-slider=\"81514\" data-id=\"a5beb61\" data-element_type=\"column\" data-e-type=\"column\">\n\t\t\t<div class=\"elementor-widget-wrap\">\n\t\t\t\t\t\t\t<\/div>\n\t\t<\/div>\n\t\t\t\t\t<\/div>\n\t\t<\/section>\n\t\t\t\t<\/div>","protected":false},"excerpt":{"rendered":"<p>BETTER FUNDING PRACTICES Tools, but not the rigid kind. These are the guides, practices, and frameworks we are developing and [&hellip;]<\/p>\n","protected":false},"author":3,"featured_media":0,"parent":0,"menu_order":0,"comment_status":"closed","ping_status":"closed","template":"elementor_header_footer","meta":{"site-sidebar-layout":"no-sidebar","site-content-layout":"","ast-site-content-layout":"full-width-container","site-content-style":"default","site-sidebar-style":"default","ast-global-header-display":"","ast-banner-title-visibility":"","ast-main-header-display":"","ast-hfb-above-header-display":"","ast-hfb-below-header-display":"","ast-hfb-mobile-header-display":"","site-post-title":"","ast-breadcrumbs-content":"","ast-featured-img":"disabled","footer-sml-layout":"","ast-disable-related-posts":"","theme-transparent-header-meta":"","adv-header-id-meta":"","stick-header-meta":"","header-above-stick-meta":"","header-main-stick-meta":"","header-below-stick-meta":"","astra-migrate-meta-layouts":"default","ast-page-background-enabled":"default","ast-page-background-meta":{"desktop":{"background-color":"var(--ast-global-color-5)","background-image":"","background-repeat":"repeat","background-position":"center center","background-size":"auto","background-attachment":"scroll","background-type":"","background-media":"","overlay-type":"","overlay-color":"","overlay-opacity":"","overlay-gradient":""},"tablet":{"background-color":"","background-image":"","background-repeat":"repeat","background-position":"center center","background-size":"auto","background-attachment":"scroll","background-type":"","background-media":"","overlay-type":"","overlay-color":"","overlay-opacity":"","overlay-gradient":""},"mobile":{"background-color":"","background-image":"","background-repeat":"repeat","background-position":"center center","background-size":"auto","background-attachment":"scroll","background-type":"","background-media":"","overlay-type":"","overlay-color":"","overlay-opacity":"","overlay-gradient":""}},"ast-content-background-meta":{"desktop":{"background-color":"var(--ast-global-color-4)","background-image":"","background-repeat":"repeat","background-position":"center center","background-size":"auto","background-attachment":"scroll","background-type":"","background-media":"","overlay-type":"","overlay-color":"","overlay-opacity":"","overlay-gradient":""},"tablet":{"background-color":"var(--ast-global-color-4)","background-image":"","background-repeat":"repeat","background-position":"center center","background-size":"auto","background-attachment":"scroll","background-type":"","background-media":"","overlay-type":"","overlay-color":"","overlay-opacity":"","overlay-gradient":""},"mobile":{"background-color":"var(--ast-global-color-4)","background-image":"","background-repeat":"repeat","background-position":"center center","background-size":"auto","background-attachment":"scroll","background-type":"","background-media":"","overlay-type":"","overlay-color":"","overlay-opacity":"","overlay-gradient":""}},"footnotes":""},"class_list":["post-36","page","type-page","status-publish","hentry"],"_links":{"self":[{"href":"https:\/\/betterfunding.org\/es\/wp-json\/wp\/v2\/pages\/36","targetHints":{"allow":["GET"]}}],"collection":[{"href":"https:\/\/betterfunding.org\/es\/wp-json\/wp\/v2\/pages"}],"about":[{"href":"https:\/\/betterfunding.org\/es\/wp-json\/wp\/v2\/types\/page"}],"author":[{"embeddable":true,"href":"https:\/\/betterfunding.org\/es\/wp-json\/wp\/v2\/users\/3"}],"replies":[{"embeddable":true,"href":"https:\/\/betterfunding.org\/es\/wp-json\/wp\/v2\/comments?post=36"}],"version-history":[{"count":94,"href":"https:\/\/betterfunding.org\/es\/wp-json\/wp\/v2\/pages\/36\/revisions"}],"predecessor-version":[{"id":2421,"href":"https:\/\/betterfunding.org\/es\/wp-json\/wp\/v2\/pages\/36\/revisions\/2421"}],"wp:attachment":[{"href":"https:\/\/betterfunding.org\/es\/wp-json\/wp\/v2\/media?parent=36"}],"curies":[{"name":"wp","href":"https:\/\/api.w.org\/{rel}","templated":true}]}}